{"id":101,"date":"2023-03-03T01:38:11","date_gmt":"2023-03-03T01:38:11","guid":{"rendered":"https:\/\/proxwell.pl\/?page_id=101"},"modified":"2025-09-26T15:20:44","modified_gmt":"2025-09-26T15:20:44","slug":"oferta","status":"publish","type":"page","link":"https:\/\/proxwell.pl\/?page_id=101","title":{"rendered":"Oferta"},"content":{"rendered":"\n<p class=\"has-primary-color has-text-color has-link-color has-medium-font-size wp-elements-14899b919cfcd40f19be8ca08d40ba99\"><\/p>\n\n\n\n<div class=\"wp-block-group alignfull has-white-color has-black-background-color has-text-color has-background is-layout-flow wp-block-group-is-layout-flow\">\n<div class=\"wp-block-group has-global-padding is-layout-constrained wp-container-core-group-is-layout-3a820303 wp-block-group-is-layout-constrained\" style=\"padding-right:var(--wp--preset--spacing--small);padding-left:var(--wp--preset--spacing--small)\">\n<h2 class=\"wp-block-heading wp-embed-aspect-16-9 wp-has-aspect-ratio has-white-color has-text-color has-medium-font-size\" id=\"inspiro-is-a-digital-product-agency-that-focuses-on-strategy-and-design\" style=\"font-style:normal;font-weight:100\"><strong><strong>Nasza oferta obejmuje kompleksowe us\u0142ugi w zakresie wykonywania mebli na wymiar a tak\u017ce  w zakresie us\u0142ug elektrycznych i hydraulicznych. <\/strong><\/strong><\/h2>\n\n\n\n<div style=\"height:52px\" aria-hidden=\"true\" class=\"wp-block-spacer wp-embed-aspect-16-9 wp-has-aspect-ratio\"><\/div>\n\n\n\n<div class=\"wp-block-columns wp-embed-aspect-16-9 wp-has-aspect-ratio is-layout-flex wp-container-core-columns-is-layout-28f84493 wp-block-columns-is-layout-flex\">\n<div class=\"wp-block-column is-layout-flow wp-block-column-is-layout-flow\">\n<figure class=\"wp-block-gallery has-nested-images columns-default is-cropped wp-block-gallery-1 is-layout-flex wp-block-gallery-is-layout-flex\">\n<figure data-wp-context=\"{&quot;imageId&quot;:&quot;69e0dc6f0fbf3&quot;}\" data-wp-interactive=\"core\/image\" class=\"wp-block-image size-large wp-lightbox-container\"><img loading=\"lazy\" decoding=\"async\" width=\"1024\" height=\"803\" data-wp-class--hide=\"state.isContentHidden\" data-wp-class--show=\"state.isContentVisible\" data-wp-init=\"callbacks.setButtonStyles\" data-wp-on-async--click=\"actions.showLightbox\" data-wp-on-async--load=\"callbacks.setButtonStyles\" data-wp-on-async-window--resize=\"callbacks.setButtonStyles\" data-id=\"273\" src=\"https:\/\/proxwell.pl\/wp-content\/uploads\/2025\/09\/signal-2025-09-02-15-13-30-440-2-1024x803.jpg\" alt=\"\" class=\"wp-image-273\" srcset=\"https:\/\/proxwell.pl\/wp-content\/uploads\/2025\/09\/signal-2025-09-02-15-13-30-440-2-1024x803.jpg 1024w, https:\/\/proxwell.pl\/wp-content\/uploads\/2025\/09\/signal-2025-09-02-15-13-30-440-2-300x235.jpg 300w, https:\/\/proxwell.pl\/wp-content\/uploads\/2025\/09\/signal-2025-09-02-15-13-30-440-2.jpg 1523w\" sizes=\"auto, (max-width: 1024px) 100vw, 1024px\" \/><button\n\t\t\tclass=\"lightbox-trigger\"\n\t\t\ttype=\"button\"\n\t\t\taria-haspopup=\"dialog\"\n\t\t\taria-label=\"Powi\u0119ksz\"\n\t\t\tdata-wp-init=\"callbacks.initTriggerButton\"\n\t\t\tdata-wp-on-async--click=\"actions.showLightbox\"\n\t\t\tdata-wp-style--right=\"state.imageButtonRight\"\n\t\t\tdata-wp-style--top=\"state.imageButtonTop\"\n\t\t>\n\t\t\t<svg xmlns=\"http:\/\/www.w3.org\/2000\/svg\" width=\"12\" height=\"12\" fill=\"none\" viewBox=\"0 0 12 12\">\n\t\t\t\t<path fill=\"#fff\" d=\"M2 0a2 2 0 0 0-2 2v2h1.5V2a.5.5 0 0 1 .5-.5h2V0H2Zm2 10.5H2a.5.5 0 0 1-.5-.5V8H0v2a2 2 0 0 0 2 2h2v-1.5ZM8 12v-1.5h2a.5.5 0 0 0 .5-.5V8H12v2a2 2 0 0 1-2 2H8Zm2-12a2 2 0 0 1 2 2v2h-1.5V2a.5.5 0 0 0-.5-.5H8V0h2Z\" \/>\n\t\t\t<\/svg>\n\t\t<\/button><\/figure>\n<\/figure>\n\n\n\n<h3 class=\"wp-block-heading has-white-color has-text-color has-link-color has-medium-font-size wp-elements-3d297ccd9f1852add703ef5a4566e196\">Meble na wymiar<\/h3>\n\n\n\n<p class=\"has-lightgrey-color has-text-color has-x-small-font-size\">Jako pracowania mebli na wymiar realizujemy oraz projektujemy wymarzone realizacje takie jak: <\/p>\n\n\n\n<p class=\"has-lightgrey-color has-text-color has-x-small-font-size\">kuchnie, szafy, garderoby, biura, meble \u0142azienkowe, zabudowy wszelkiego rodzaju i wiele wi\u0119cej. <\/p>\n<\/div>\n\n\n\n<div class=\"wp-block-column is-layout-flow wp-block-column-is-layout-flow\">\n<h3 class=\"wp-block-heading has-white-color has-text-color has-medium-font-size\">Us\u0142ugi elektryczne<\/h3>\n\n\n\n<p class=\"has-lightgrey-color has-text-color has-x-small-font-size\">\u2013 monta\u017c instalacji elektrycznych<\/p>\n\n\n\n<p class=\"has-lightgrey-color has-text-color has-x-small-font-size\">&#8211; remont i usuwanie awarii <\/p>\n\n\n\n<p class=\"has-lightgrey-color has-text-color has-x-small-font-size\">\u2013 automatyk\u0119 domow\u0105 (domofony nap\u0119dy do bram, sieci komputerowe, monitoring).<\/p>\n\n\n\n<p class=\"has-lightgrey-color has-text-color has-x-small-font-size\">\u2013 pod\u0142\u0105czanie sprz\u0119tu AGD i RTV (wpis w ksi\u0105\u017ck\u0119 gwarancyjn\u0105)<\/p>\n\n\n\n<p class=\"has-lightgrey-color has-text-color has-x-small-font-size\">\u2013 kompleksowy monta\u017c paneli fotowoltaicznych wraz z niezb\u0119dn\u0105 dokumentacj\u0105 do Zak\u0142adu Energetycznego<\/p>\n\n\n\n<figure data-wp-context=\"{&quot;imageId&quot;:&quot;69e0dc6f11494&quot;}\" data-wp-interactive=\"core\/image\" class=\"wp-block-image size-full wp-lightbox-container\"><img loading=\"lazy\" decoding=\"async\" width=\"480\" height=\"480\" data-wp-class--hide=\"state.isContentHidden\" data-wp-class--show=\"state.isContentVisible\" data-wp-init=\"callbacks.setButtonStyles\" data-wp-on-async--click=\"actions.showLightbox\" data-wp-on-async--load=\"callbacks.setButtonStyles\" data-wp-on-async-window--resize=\"callbacks.setButtonStyles\" src=\"https:\/\/proxwell.pl\/wp-content\/uploads\/2025\/09\/20250409_172637-edited.png\" alt=\"\" class=\"wp-image-309\" srcset=\"https:\/\/proxwell.pl\/wp-content\/uploads\/2025\/09\/20250409_172637-edited.png 480w, https:\/\/proxwell.pl\/wp-content\/uploads\/2025\/09\/20250409_172637-edited-300x300.png 300w, https:\/\/proxwell.pl\/wp-content\/uploads\/2025\/09\/20250409_172637-edited-150x150.png 150w\" sizes=\"auto, (max-width: 480px) 100vw, 480px\" \/><button\n\t\t\tclass=\"lightbox-trigger\"\n\t\t\ttype=\"button\"\n\t\t\taria-haspopup=\"dialog\"\n\t\t\taria-label=\"Powi\u0119ksz\"\n\t\t\tdata-wp-init=\"callbacks.initTriggerButton\"\n\t\t\tdata-wp-on-async--click=\"actions.showLightbox\"\n\t\t\tdata-wp-style--right=\"state.imageButtonRight\"\n\t\t\tdata-wp-style--top=\"state.imageButtonTop\"\n\t\t>\n\t\t\t<svg xmlns=\"http:\/\/www.w3.org\/2000\/svg\" width=\"12\" height=\"12\" fill=\"none\" viewBox=\"0 0 12 12\">\n\t\t\t\t<path fill=\"#fff\" d=\"M2 0a2 2 0 0 0-2 2v2h1.5V2a.5.5 0 0 1 .5-.5h2V0H2Zm2 10.5H2a.5.5 0 0 1-.5-.5V8H0v2a2 2 0 0 0 2 2h2v-1.5ZM8 12v-1.5h2a.5.5 0 0 0 .5-.5V8H12v2a2 2 0 0 1-2 2H8Zm2-12a2 2 0 0 1 2 2v2h-1.5V2a.5.5 0 0 0-.5-.5H8V0h2Z\" \/>\n\t\t\t<\/svg>\n\t\t<\/button><\/figure>\n<\/div>\n\n\n\n<div class=\"wp-block-column is-layout-flow wp-block-column-is-layout-flow\">\n<h3 class=\"wp-block-heading has-white-color has-text-color has-medium-font-size\">Us\u0142ugi hydrauliczne <\/h3>\n\n\n\n<p class=\"has-lightgrey-color has-text-color has-x-small-font-size\">\u2013 monta\u017c lub wymiana kot\u0142a<\/p>\n\n\n\n<p class=\"has-lightgrey-color has-text-color has-x-small-font-size\">\u2013 wymiana grzejnik\u00f3w<\/p>\n\n\n\n<p class=\"has-lightgrey-color has-text-color has-x-small-font-size\">\u2013 wymiana rur<\/p>\n\n\n\n<p class=\"has-lightgrey-color has-text-color has-x-small-font-size\">\u2013 usuwanie nieszczelno\u015bci<\/p>\n\n\n\n<p class=\"has-lightgrey-color has-text-color has-x-small-font-size\">\u2013 montujemy pompy ciep\u0142a i systemy klimatyzacji.<\/p>\n\n\n\n<figure data-wp-context=\"{&quot;imageId&quot;:&quot;69e0dc6f11a07&quot;}\" data-wp-interactive=\"core\/image\" class=\"wp-block-image size-full wp-lightbox-container\"><img loading=\"lazy\" decoding=\"async\" width=\"480\" height=\"640\" data-wp-class--hide=\"state.isContentHidden\" data-wp-class--show=\"state.isContentVisible\" data-wp-init=\"callbacks.setButtonStyles\" data-wp-on-async--click=\"actions.showLightbox\" data-wp-on-async--load=\"callbacks.setButtonStyles\" data-wp-on-async-window--resize=\"callbacks.setButtonStyles\" src=\"https:\/\/proxwell.pl\/wp-content\/uploads\/2025\/09\/20240915_095440.png\" alt=\"\" class=\"wp-image-275\" style=\"aspect-ratio:1;object-fit:cover\" srcset=\"https:\/\/proxwell.pl\/wp-content\/uploads\/2025\/09\/20240915_095440.png 480w, https:\/\/proxwell.pl\/wp-content\/uploads\/2025\/09\/20240915_095440-225x300.png 225w\" sizes=\"auto, (max-width: 480px) 100vw, 480px\" \/><button\n\t\t\tclass=\"lightbox-trigger\"\n\t\t\ttype=\"button\"\n\t\t\taria-haspopup=\"dialog\"\n\t\t\taria-label=\"Powi\u0119ksz\"\n\t\t\tdata-wp-init=\"callbacks.initTriggerButton\"\n\t\t\tdata-wp-on-async--click=\"actions.showLightbox\"\n\t\t\tdata-wp-style--right=\"state.imageButtonRight\"\n\t\t\tdata-wp-style--top=\"state.imageButtonTop\"\n\t\t>\n\t\t\t<svg xmlns=\"http:\/\/www.w3.org\/2000\/svg\" width=\"12\" height=\"12\" fill=\"none\" viewBox=\"0 0 12 12\">\n\t\t\t\t<path fill=\"#fff\" d=\"M2 0a2 2 0 0 0-2 2v2h1.5V2a.5.5 0 0 1 .5-.5h2V0H2Zm2 10.5H2a.5.5 0 0 1-.5-.5V8H0v2a2 2 0 0 0 2 2h2v-1.5ZM8 12v-1.5h2a.5.5 0 0 0 .5-.5V8H12v2a2 2 0 0 1-2 2H8Zm2-12a2 2 0 0 1 2 2v2h-1.5V2a.5.5 0 0 0-.5-.5H8V0h2Z\" \/>\n\t\t\t<\/svg>\n\t\t<\/button><\/figure>\n<\/div>\n<\/div>\n\n\n\n<h3 class=\"wp-block-heading wp-embed-aspect-16-9 wp-has-aspect-ratio has-white-color has-text-color has-large-font-size\" id=\"inspiro-is-a-digital-product-agency-that-focuses-on-strategy-and-desig\" style=\"font-style:normal;font-weight:300\"><\/h3>\n\n\n\n<div class=\"wp-block-group wp-embed-aspect-16-9 wp-has-aspect-ratio has-black-background-color has-background has-global-padding is-layout-constrained wp-block-group-is-layout-constrained\"><\/div>\n\n\n\n<div style=\"height:0px\" aria-hidden=\"true\" class=\"wp-block-spacer wp-embed-aspect-16-9 wp-has-aspect-ratio\"><\/div>\n<\/div>\n<\/div>\n\n\n\n<main class=\"wp-block-group alignfull site-content is-layout-flow wp-block-group-is-layout-flow\" id=\"header\" style=\"margin-top:0\"><\/main>\n\n\n\n<div id=\"services\" class=\"wp-block-group pattern_multiple_covers has-global-padding is-layout-constrained wp-block-group-is-layout-constrained\">\n<p class=\"has-lightgrey-background-color has-background has-small-font-size\"><strong>Dlaczego meble na wymiar???<img loading=\"lazy\" decoding=\"async\" height=\"16\" width=\"16\" src=\"https:\/\/static.xx.fbcdn.net\/images\/emoji.php\/v9\/t34\/1\/16\/1f914.png\" alt=\"\ud83e\udd14\"><img loading=\"lazy\" decoding=\"async\" height=\"16\" width=\"16\" src=\"https:\/\/static.xx.fbcdn.net\/images\/emoji.php\/v9\/t34\/1\/16\/1f914.png\" alt=\"\ud83e\udd14\"><\/strong><img loading=\"lazy\" decoding=\"async\" height=\"16\" width=\"16\" src=\"https:\/\/static.xx.fbcdn.net\/images\/emoji.php\/v9\/t34\/1\/16\/1f914.png\" alt=\"\ud83e\udd14\"><\/p>\n\n\n\n<p class=\"has-small-font-size\"><img loading=\"lazy\" decoding=\"async\" height=\"16\" width=\"16\" src=\"https:\/\/static.xx.fbcdn.net\/images\/emoji.php\/v9\/t77\/1\/16\/203c.png\" alt=\"\u203c\ufe0f\">maksymalnie wykorzystasz dost\u0119pn\u0105 przestrze\u0144, odpowiednio zagospodarujesz ka\u017cdy zakamarek Twojego domu czy mieszkania!<\/p>\n\n\n\n<p class=\"has-small-font-size\"><img loading=\"lazy\" decoding=\"async\" height=\"16\" width=\"16\" src=\"https:\/\/static.xx.fbcdn.net\/images\/emoji.php\/v9\/t77\/1\/16\/203c.png\" alt=\"\u203c\ufe0f\">wybierasz dok\u0142adnie to co chcesz! Bez kompromis\u00f3w.. Mo\u017cesz zaszale\u0107 i zrealizowa\u0107 nawet najbardziej wymarzone projekty!<\/p>\n\n\n\n<p class=\"has-small-font-size\"><img loading=\"lazy\" decoding=\"async\" height=\"16\" width=\"16\" src=\"https:\/\/static.xx.fbcdn.net\/images\/emoji.php\/v9\/t77\/1\/16\/203c.png\" alt=\"\u203c\ufe0f\">Bardzo dobra jako\u015b\u0107 materia\u0142\u00f3w! Nasze meble wykonane s\u0105 z solidnej p\u0142yty 18 mm dzi\u0119ki czemu s\u0105 one stabilne i trwa\u0142e. Decyduj\u0105c si\u0119 na wsp\u00f3\u0142prac\u0119 z dobrym wykonawc\u0105 masz gwarancj\u0119, \u017ce wykorzystane mechanizmy i systemy meblowe pos\u0142u\u017c\u0105 Ci na lata.<\/p>\n\n\n\n<p class=\"has-small-font-size\"><img loading=\"lazy\" decoding=\"async\" height=\"16\" width=\"16\" src=\"https:\/\/static.xx.fbcdn.net\/images\/emoji.php\/v9\/t77\/1\/16\/203c.png\" alt=\"\u203c\ufe0f\">otrzymujesz kompleksow\u0105 realizacj\u0119 z monta\u017cem nie tylko samych mebli ale tak\u017ce sprz\u0119tu AGD! Niezwykle wygodna opcja, szczeg\u00f3lnie gdy monta\u017c niekt\u00f3rych sprz\u0119t\u00f3w wymaga odpowiednich uprawnie\u0144<img loading=\"lazy\" decoding=\"async\" height=\"16\" width=\"16\" src=\"https:\/\/static.xx.fbcdn.net\/images\/emoji.php\/v9\/tb7\/1\/16\/1f917.png\" alt=\"\ud83e\udd17\"><\/p>\n\n\n\n<p class=\"has-text-align-left has-lightgrey-background-color has-background has-small-font-size\"><strong>Ka\u017cdy projekt traktujemy indywidualnie, tworz\u0105c przestrzenie, kt\u00f3re nie tylko zachwycaj\u0105 wygl\u0105dem, ale i u\u0142atwiaj\u0105 codzienne \u017cycie.<\/strong><\/p>\n\n\n\n<p class=\"has-small-font-size\">Oto przyk\u0142adowa realizacja w eleganckim kolorze kaszmiru, zintegrowana z o\u015bwietleniem LED oraz funkcjonalnymi rozwi\u0105zaniami \u2013 szufladami, p\u00f3\u0142kami i dr\u0105\u017ckami na ubrania.<\/p>\n\n\n\n<p class=\"has-small-font-size\">Minimalistyczny design, maksymalna funkcjonalno\u015b\u0107!<\/p>\n\n\n\n<p class=\"has-text-align-left has-lightgrey-background-color has-background has-small-font-size\"><strong>Masz pomys\u0142 na w\u0142asn\u0105 garderob\u0119 marze\u0144? Skontaktuj si\u0119 z nami \u2013 zaprojektujemy j\u0105 razem!<\/strong><\/p>\n\n\n\n<div style=\"height:46px\" aria-hidden=\"true\" class=\"wp-block-spacer\"><\/div>\n\n\n\n<div class=\"wp-block-columns is-layout-flex wp-container-core-columns-is-layout-28f84493 wp-block-columns-is-layout-flex\">\n<div class=\"wp-block-column is-layout-flow wp-block-column-is-layout-flow\" style=\"padding-top:0;padding-right:0;padding-bottom:0;padding-left:0\">\n<div class=\"wp-block-group has-global-padding is-layout-constrained wp-block-group-is-layout-constrained\">\n<figure data-wp-context=\"{&quot;imageId&quot;:&quot;69e0dc6f12164&quot;}\" data-wp-interactive=\"core\/image\" class=\"wp-block-image size-large wp-lightbox-container\"><img loading=\"lazy\" decoding=\"async\" width=\"768\" height=\"1024\" data-wp-class--hide=\"state.isContentHidden\" data-wp-class--show=\"state.isContentVisible\" data-wp-init=\"callbacks.setButtonStyles\" data-wp-on-async--click=\"actions.showLightbox\" data-wp-on-async--load=\"callbacks.setButtonStyles\" data-wp-on-async-window--resize=\"callbacks.setButtonStyles\" src=\"https:\/\/proxwell.pl\/wp-content\/uploads\/2025\/09\/signal-2025-04-07-20-23-09-824-3-1-768x1024.jpg\" alt=\"\" class=\"wp-image-278\" srcset=\"https:\/\/proxwell.pl\/wp-content\/uploads\/2025\/09\/signal-2025-04-07-20-23-09-824-3-1-768x1024.jpg 768w, https:\/\/proxwell.pl\/wp-content\/uploads\/2025\/09\/signal-2025-04-07-20-23-09-824-3-1-225x300.jpg 225w, https:\/\/proxwell.pl\/wp-content\/uploads\/2025\/09\/signal-2025-04-07-20-23-09-824-3-1.jpg 1200w\" sizes=\"auto, (max-width: 768px) 100vw, 768px\" \/><button\n\t\t\tclass=\"lightbox-trigger\"\n\t\t\ttype=\"button\"\n\t\t\taria-haspopup=\"dialog\"\n\t\t\taria-label=\"Powi\u0119ksz\"\n\t\t\tdata-wp-init=\"callbacks.initTriggerButton\"\n\t\t\tdata-wp-on-async--click=\"actions.showLightbox\"\n\t\t\tdata-wp-style--right=\"state.imageButtonRight\"\n\t\t\tdata-wp-style--top=\"state.imageButtonTop\"\n\t\t>\n\t\t\t<svg xmlns=\"http:\/\/www.w3.org\/2000\/svg\" width=\"12\" height=\"12\" fill=\"none\" viewBox=\"0 0 12 12\">\n\t\t\t\t<path fill=\"#fff\" d=\"M2 0a2 2 0 0 0-2 2v2h1.5V2a.5.5 0 0 1 .5-.5h2V0H2Zm2 10.5H2a.5.5 0 0 1-.5-.5V8H0v2a2 2 0 0 0 2 2h2v-1.5ZM8 12v-1.5h2a.5.5 0 0 0 .5-.5V8H12v2a2 2 0 0 1-2 2H8Zm2-12a2 2 0 0 1 2 2v2h-1.5V2a.5.5 0 0 0-.5-.5H8V0h2Z\" \/>\n\t\t\t<\/svg>\n\t\t<\/button><\/figure>\n<\/div>\n<\/div>\n\n\n\n<div class=\"wp-block-column is-layout-flow wp-block-column-is-layout-flow\" style=\"padding-top:0;padding-right:0;padding-bottom:0;padding-left:0\">\n<figure data-wp-context=\"{&quot;imageId&quot;:&quot;69e0dc6f12571&quot;}\" data-wp-interactive=\"core\/image\" class=\"wp-block-image size-large wp-lightbox-container\"><img loading=\"lazy\" decoding=\"async\" width=\"768\" height=\"1024\" data-wp-class--hide=\"state.isContentHidden\" data-wp-class--show=\"state.isContentVisible\" data-wp-init=\"callbacks.setButtonStyles\" data-wp-on-async--click=\"actions.showLightbox\" data-wp-on-async--load=\"callbacks.setButtonStyles\" data-wp-on-async-window--resize=\"callbacks.setButtonStyles\" src=\"https:\/\/proxwell.pl\/wp-content\/uploads\/2025\/09\/signal-2025-04-07-20-23-09-824-5-768x1024.jpg\" alt=\"\" class=\"wp-image-279\" srcset=\"https:\/\/proxwell.pl\/wp-content\/uploads\/2025\/09\/signal-2025-04-07-20-23-09-824-5-768x1024.jpg 768w, https:\/\/proxwell.pl\/wp-content\/uploads\/2025\/09\/signal-2025-04-07-20-23-09-824-5-225x300.jpg 225w, https:\/\/proxwell.pl\/wp-content\/uploads\/2025\/09\/signal-2025-04-07-20-23-09-824-5.jpg 1200w\" sizes=\"auto, (max-width: 768px) 100vw, 768px\" \/><button\n\t\t\tclass=\"lightbox-trigger\"\n\t\t\ttype=\"button\"\n\t\t\taria-haspopup=\"dialog\"\n\t\t\taria-label=\"Powi\u0119ksz\"\n\t\t\tdata-wp-init=\"callbacks.initTriggerButton\"\n\t\t\tdata-wp-on-async--click=\"actions.showLightbox\"\n\t\t\tdata-wp-style--right=\"state.imageButtonRight\"\n\t\t\tdata-wp-style--top=\"state.imageButtonTop\"\n\t\t>\n\t\t\t<svg xmlns=\"http:\/\/www.w3.org\/2000\/svg\" width=\"12\" height=\"12\" fill=\"none\" viewBox=\"0 0 12 12\">\n\t\t\t\t<path fill=\"#fff\" d=\"M2 0a2 2 0 0 0-2 2v2h1.5V2a.5.5 0 0 1 .5-.5h2V0H2Zm2 10.5H2a.5.5 0 0 1-.5-.5V8H0v2a2 2 0 0 0 2 2h2v-1.5ZM8 12v-1.5h2a.5.5 0 0 0 .5-.5V8H12v2a2 2 0 0 1-2 2H8Zm2-12a2 2 0 0 1 2 2v2h-1.5V2a.5.5 0 0 0-.5-.5H8V0h2Z\" \/>\n\t\t\t<\/svg>\n\t\t<\/button><\/figure>\n<\/div>\n\n\n\n<div class=\"wp-block-column is-layout-flow wp-block-column-is-layout-flow\" style=\"padding-top:0;padding-right:0;padding-bottom:0;padding-left:0\">\n<figure data-wp-context=\"{&quot;imageId&quot;:&quot;69e0dc6f12902&quot;}\" data-wp-interactive=\"core\/image\" class=\"wp-block-image size-large wp-lightbox-container\"><img loading=\"lazy\" decoding=\"async\" width=\"768\" height=\"1024\" data-wp-class--hide=\"state.isContentHidden\" data-wp-class--show=\"state.isContentVisible\" data-wp-init=\"callbacks.setButtonStyles\" data-wp-on-async--click=\"actions.showLightbox\" data-wp-on-async--load=\"callbacks.setButtonStyles\" data-wp-on-async-window--resize=\"callbacks.setButtonStyles\" src=\"https:\/\/proxwell.pl\/wp-content\/uploads\/2025\/09\/signal-2025-04-07-20-23-09-824-2-768x1024.jpg\" alt=\"\" class=\"wp-image-280\" srcset=\"https:\/\/proxwell.pl\/wp-content\/uploads\/2025\/09\/signal-2025-04-07-20-23-09-824-2-768x1024.jpg 768w, https:\/\/proxwell.pl\/wp-content\/uploads\/2025\/09\/signal-2025-04-07-20-23-09-824-2-225x300.jpg 225w, https:\/\/proxwell.pl\/wp-content\/uploads\/2025\/09\/signal-2025-04-07-20-23-09-824-2.jpg 1200w\" sizes=\"auto, (max-width: 768px) 100vw, 768px\" \/><button\n\t\t\tclass=\"lightbox-trigger\"\n\t\t\ttype=\"button\"\n\t\t\taria-haspopup=\"dialog\"\n\t\t\taria-label=\"Powi\u0119ksz\"\n\t\t\tdata-wp-init=\"callbacks.initTriggerButton\"\n\t\t\tdata-wp-on-async--click=\"actions.showLightbox\"\n\t\t\tdata-wp-style--right=\"state.imageButtonRight\"\n\t\t\tdata-wp-style--top=\"state.imageButtonTop\"\n\t\t>\n\t\t\t<svg xmlns=\"http:\/\/www.w3.org\/2000\/svg\" width=\"12\" height=\"12\" fill=\"none\" viewBox=\"0 0 12 12\">\n\t\t\t\t<path fill=\"#fff\" d=\"M2 0a2 2 0 0 0-2 2v2h1.5V2a.5.5 0 0 1 .5-.5h2V0H2Zm2 10.5H2a.5.5 0 0 1-.5-.5V8H0v2a2 2 0 0 0 2 2h2v-1.5ZM8 12v-1.5h2a.5.5 0 0 0 .5-.5V8H12v2a2 2 0 0 1-2 2H8Zm2-12a2 2 0 0 1 2 2v2h-1.5V2a.5.5 0 0 0-.5-.5H8V0h2Z\" \/>\n\t\t\t<\/svg>\n\t\t<\/button><\/figure>\n<\/div>\n<\/div>\n<\/div>\n\n\n\n<div id=\"reel\" class=\"wp-block-group has-black-background-color has-background has-global-padding is-layout-constrained wp-container-core-group-is-layout-93707e3a wp-block-group-is-layout-constrained\" style=\"margin-top:0px;margin-bottom:0px\">\n<div class=\"wp-block-group is-nowrap is-layout-flex wp-container-core-group-is-layout-6c531013 wp-block-group-is-layout-flex\">\n<h2 class=\"wp-block-heading has-white-color has-text-color has-medium-font-size\">ZAPRASZAMY! <\/h2>\n<\/div>\n\n\n\n<figure data-wp-context=\"{&quot;imageId&quot;:&quot;69e0dc6f12f01&quot;}\" data-wp-interactive=\"core\/image\" class=\"wp-block-image alignright size-full wp-lightbox-container\"><img loading=\"lazy\" decoding=\"async\" width=\"250\" height=\"58\" data-wp-class--hide=\"state.isContentHidden\" data-wp-class--show=\"state.isContentVisible\" data-wp-init=\"callbacks.setButtonStyles\" data-wp-on-async--click=\"actions.showLightbox\" data-wp-on-async--load=\"callbacks.setButtonStyles\" data-wp-on-async-window--resize=\"callbacks.setButtonStyles\" src=\"https:\/\/proxwell.pl\/wp-content\/uploads\/2025\/09\/PROXWELL-4.5-1.jpg\" alt=\"\" class=\"wp-image-417\"\/><button\n\t\t\tclass=\"lightbox-trigger\"\n\t\t\ttype=\"button\"\n\t\t\taria-haspopup=\"dialog\"\n\t\t\taria-label=\"Powi\u0119ksz\"\n\t\t\tdata-wp-init=\"callbacks.initTriggerButton\"\n\t\t\tdata-wp-on-async--click=\"actions.showLightbox\"\n\t\t\tdata-wp-style--right=\"state.imageButtonRight\"\n\t\t\tdata-wp-style--top=\"state.imageButtonTop\"\n\t\t>\n\t\t\t<svg xmlns=\"http:\/\/www.w3.org\/2000\/svg\" width=\"12\" height=\"12\" fill=\"none\" viewBox=\"0 0 12 12\">\n\t\t\t\t<path fill=\"#fff\" d=\"M2 0a2 2 0 0 0-2 2v2h1.5V2a.5.5 0 0 1 .5-.5h2V0H2Zm2 10.5H2a.5.5 0 0 1-.5-.5V8H0v2a2 2 0 0 0 2 2h2v-1.5ZM8 12v-1.5h2a.5.5 0 0 0 .5-.5V8H12v2a2 2 0 0 1-2 2H8Zm2-12a2 2 0 0 1 2 2v2h-1.5V2a.5.5 0 0 0-.5-.5H8V0h2Z\" \/>\n\t\t\t<\/svg>\n\t\t<\/button><\/figure>\n\n\n\n<p class=\"has-lightgrey-color has-text-color has-link-color has-medium-font-size wp-elements-ff519ac621981f3d210dd8573a2de677\">503 950 180<\/p>\n\n\n\n<div style=\"height:0px\" aria-hidden=\"true\" class=\"wp-block-spacer\"><\/div>\n<\/div>\n\n\n\n<div style=\"height:0px\" aria-hidden=\"true\" class=\"wp-block-spacer\"><\/div>\n\n\n\n<p class=\"has-text-align-center has-lightgrey-background-color has-background has-small-font-size\">\u015aled\u017a nasze media spo\u0142eczno\u015bciowe gdzie na bie\u017c\u0105co uzupe\u0142niamy nasze nowe realizacje! Kliknij poni\u017cej w logo Facebook aby przej\u015b\u0107.<\/p>\n\n\n\n<ul class=\"wp-block-social-links has-visible-labels is-style-pill-shape is-content-justification-center is-layout-flex wp-container-core-social-links-is-layout-2bb63ab0 wp-block-social-links-is-layout-flex\" style=\"border-style:none;border-width:0px;border-radius:0px\"><li class=\"wp-social-link wp-social-link-facebook  wp-block-social-link\"><a href=\"https:\/\/www.facebook.com\/profile.php?id=100090949161369\" class=\"wp-block-social-link-anchor\"><svg width=\"24\" height=\"24\" viewBox=\"0 0 24 24\" version=\"1.1\" xmlns=\"http:\/\/www.w3.org\/2000\/svg\" aria-hidden=\"true\" focusable=\"false\"><path d=\"M12 2C6.5 2 2 6.5 2 12c0 5 3.7 9.1 8.4 9.9v-7H7.9V12h2.5V9.8c0-2.5 1.5-3.9 3.8-3.9 1.1 0 2.2.2 2.2.2v2.5h-1.3c-1.2 0-1.6.8-1.6 1.6V12h2.8l-.4 2.9h-2.3v7C18.3 21.1 22 17 22 12c0-5.5-4.5-10-10-10z\"><\/path><\/svg><span class=\"wp-block-social-link-label\">Facebook<\/span><\/a><\/li><\/ul>\n\n\n\n<figure class=\"wp-block-image size-large\"><img loading=\"lazy\" decoding=\"async\" width=\"819\" height=\"1024\" src=\"https:\/\/proxwell.pl\/wp-content\/uploads\/2025\/09\/facebook-819x1024.png\" alt=\"\" class=\"wp-image-315\" srcset=\"https:\/\/proxwell.pl\/wp-content\/uploads\/2025\/09\/facebook-819x1024.png 819w, https:\/\/proxwell.pl\/wp-content\/uploads\/2025\/09\/facebook-240x300.png 240w, https:\/\/proxwell.pl\/wp-content\/uploads\/2025\/09\/facebook.png 1080w\" sizes=\"auto, (max-width: 819px) 100vw, 819px\" \/><\/figure>\n\n\n\n<figure class=\"wp-block-gallery has-nested-images columns-default is-cropped wp-block-gallery-2 is-layout-flex wp-block-gallery-is-layout-flex\">\n<figure class=\"wp-block-image size-large\"><img loading=\"lazy\" decoding=\"async\" width=\"724\" height=\"1024\" data-id=\"265\" src=\"https:\/\/proxwell.pl\/wp-content\/uploads\/2025\/09\/1_20250513_171513_0000-2-724x1024.png\" alt=\"\" class=\"wp-image-265\" srcset=\"https:\/\/proxwell.pl\/wp-content\/uploads\/2025\/09\/1_20250513_171513_0000-2-724x1024.png 724w, https:\/\/proxwell.pl\/wp-content\/uploads\/2025\/09\/1_20250513_171513_0000-2-212x300.png 212w, https:\/\/proxwell.pl\/wp-content\/uploads\/2025\/09\/1_20250513_171513_0000-2.png 1414w\" sizes=\"auto, (max-width: 724px) 100vw, 724px\" \/><\/figure>\n<\/figure>\n\n\n\n<figure class=\"wp-block-image size-large is-resized\"><img loading=\"lazy\" decoding=\"async\" width=\"724\" height=\"1024\" src=\"https:\/\/proxwell.pl\/wp-content\/uploads\/2025\/09\/2_20250513_171514_0001-1-724x1024.png\" alt=\"\" class=\"wp-image-268\" style=\"width:1140px;height:auto\" srcset=\"https:\/\/proxwell.pl\/wp-content\/uploads\/2025\/09\/2_20250513_171514_0001-1-724x1024.png 724w, https:\/\/proxwell.pl\/wp-content\/uploads\/2025\/09\/2_20250513_171514_0001-1-212x300.png 212w, https:\/\/proxwell.pl\/wp-content\/uploads\/2025\/09\/2_20250513_171514_0001-1.png 1414w\" sizes=\"auto, (max-width: 724px) 100vw, 724px\" \/><\/figure>\n","protected":false},"excerpt":{"rendered":"<p>Nasza oferta obejmuje kompleksowe us\u0142ugi w zakresie wykonywania mebli na wymiar a tak\u017ce w zakresie us\u0142ug elektrycznych i hydraulicznych. Meble na wymiar Jako pracowania mebli na wymiar realizujemy oraz projektujemy wymarzone realizacje takie jak: kuchnie, szafy, garderoby, biura, meble \u0142azienkowe, zabudowy wszelkiego rodzaju i wiele wi\u0119cej. Us\u0142ugi elektryczne \u2013 monta\u017c instalacji elektrycznych &#8211; remont i &hellip; <\/p>\n<p class=\"link-more\"><a href=\"https:\/\/proxwell.pl\/?page_id=101\" class=\"more-link\">Read more<span class=\"screen-reader-text\"> &#8222;Oferta&#8221;<\/span><\/a><\/p>\n","protected":false},"author":1,"featured_media":237,"parent":0,"menu_order":0,"comment_status":"closed","ping_status":"closed","template":"","meta":{"footnotes":""},"class_list":["post-101","page","type-page","status-publish","has-post-thumbnail","hentry"],"_links":{"self":[{"href":"https:\/\/proxwell.pl\/index.php?rest_route=\/wp\/v2\/pages\/101","targetHints":{"allow":["GET"]}}],"collection":[{"href":"https:\/\/proxwell.pl\/index.php?rest_route=\/wp\/v2\/pages"}],"about":[{"href":"https:\/\/proxwell.pl\/index.php?rest_route=\/wp\/v2\/types\/page"}],"author":[{"embeddable":true,"href":"https:\/\/proxwell.pl\/index.php?rest_route=\/wp\/v2\/users\/1"}],"replies":[{"embeddable":true,"href":"https:\/\/proxwell.pl\/index.php?rest_route=%2Fwp%2Fv2%2Fcomments&post=101"}],"version-history":[{"count":36,"href":"https:\/\/proxwell.pl\/index.php?rest_route=\/wp\/v2\/pages\/101\/revisions"}],"predecessor-version":[{"id":487,"href":"https:\/\/proxwell.pl\/index.php?rest_route=\/wp\/v2\/pages\/101\/revisions\/487"}],"wp:featuredmedia":[{"embeddable":true,"href":"https:\/\/proxwell.pl\/index.php?rest_route=\/wp\/v2\/media\/237"}],"wp:attachment":[{"href":"https:\/\/proxwell.pl\/index.php?rest_route=%2Fwp%2Fv2%2Fmedia&parent=101"}],"curies":[{"name":"wp","href":"https:\/\/api.w.org\/{rel}","templated":true}]}}