{"id":317,"date":"2025-09-25T17:13:12","date_gmt":"2025-09-25T17:13:12","guid":{"rendered":"https:\/\/proxwell.pl\/?page_id=317"},"modified":"2025-09-26T15:22:11","modified_gmt":"2025-09-26T15:22:11","slug":"projekty","status":"publish","type":"page","link":"https:\/\/proxwell.pl\/?page_id=317","title":{"rendered":"Projekty mebli"},"content":{"rendered":"\n<p class=\"has-text-align-left has-secondary-color has-text-color\" style=\"letter-spacing:1px\"><\/p>\n\n\n\n<p class=\"has-text-align-left has-lightgrey-background-color has-background has-medium-font-size\">Naszym klientom oferujemy kompleksow\u0105 us\u0142ug\u0119 projektowania mebli z wykorzystaniem profesjonalnego oprogramowania, kt\u00f3re pozwala na tworzenie realistycznych wizualizacji. <\/p>\n\n\n\n<p><\/p>\n\n\n\n<details class=\"wp-block-details has-border-color has-lightgrey-border-color has-lightgrey-background-color has-background is-layout-flow wp-container-core-details-is-layout-8a368f38 wp-block-details-is-layout-flow\" style=\"border-width:4px\"><summary>Wszystkie projekty s\u0105 naszego autorstwa &#8211; dok\u0142adnie tak to wygl\u0105da. Sprawd\u017a&#8230;<\/summary>\n<figure class=\"wp-block-image size-large\"><img loading=\"lazy\" decoding=\"async\" width=\"1024\" height=\"695\" src=\"https:\/\/proxwell.pl\/wp-content\/uploads\/2025\/09\/Piotr-Patyk-Perspektywa-1024x695.bmp\" alt=\"\" class=\"wp-image-428\" srcset=\"https:\/\/proxwell.pl\/wp-content\/uploads\/2025\/09\/Piotr-Patyk-Perspektywa-1024x695.bmp 1024w, https:\/\/proxwell.pl\/wp-content\/uploads\/2025\/09\/Piotr-Patyk-Perspektywa-300x204.bmp 300w, https:\/\/proxwell.pl\/wp-content\/uploads\/2025\/09\/Piotr-Patyk-Perspektywa.bmp 1788w\" sizes=\"auto, (max-width: 1024px) 100vw, 1024px\" \/><\/figure>\n<\/details>\n\n\n\n<div id=\"services\" class=\"wp-block-group pattern_multiple_covers has-global-padding is-layout-constrained wp-block-group-is-layout-constrained\">\n<div class=\"wp-block-columns is-layout-flex wp-container-core-columns-is-layout-28f84493 wp-block-columns-is-layout-flex\">\n<div class=\"wp-block-column is-layout-flow wp-block-column-is-layout-flow\" style=\"padding-top:0;padding-right:0;padding-bottom:0;padding-left:0\">\n<figure data-wp-context=\"{&quot;imageId&quot;:&quot;69e0dccd11c40&quot;}\" data-wp-interactive=\"core\/image\" class=\"wp-block-image size-large wp-lightbox-container\"><img loading=\"lazy\" decoding=\"async\" width=\"1024\" height=\"695\" data-wp-class--hide=\"state.isContentHidden\" data-wp-class--show=\"state.isContentVisible\" data-wp-init=\"callbacks.setButtonStyles\" data-wp-on-async--click=\"actions.showLightbox\" data-wp-on-async--load=\"callbacks.setButtonStyles\" data-wp-on-async-window--resize=\"callbacks.setButtonStyles\" src=\"https:\/\/proxwell.pl\/wp-content\/uploads\/2025\/09\/projekt-kierzno-2-1-1024x695.jpg\" alt=\"\" class=\"wp-image-354\" style=\"aspect-ratio:1;object-fit:cover\" srcset=\"https:\/\/proxwell.pl\/wp-content\/uploads\/2025\/09\/projekt-kierzno-2-1-1024x695.jpg 1024w, https:\/\/proxwell.pl\/wp-content\/uploads\/2025\/09\/projekt-kierzno-2-1-300x204.jpg 300w, https:\/\/proxwell.pl\/wp-content\/uploads\/2025\/09\/projekt-kierzno-2-1.jpg 1788w\" sizes=\"auto, (max-width: 1024px) 100vw, 1024px\" \/><button\n\t\t\tclass=\"lightbox-trigger\"\n\t\t\ttype=\"button\"\n\t\t\taria-haspopup=\"dialog\"\n\t\t\taria-label=\"Powi\u0119ksz\"\n\t\t\tdata-wp-init=\"callbacks.initTriggerButton\"\n\t\t\tdata-wp-on-async--click=\"actions.showLightbox\"\n\t\t\tdata-wp-style--right=\"state.imageButtonRight\"\n\t\t\tdata-wp-style--top=\"state.imageButtonTop\"\n\t\t>\n\t\t\t<svg xmlns=\"http:\/\/www.w3.org\/2000\/svg\" width=\"12\" height=\"12\" fill=\"none\" viewBox=\"0 0 12 12\">\n\t\t\t\t<path fill=\"#fff\" d=\"M2 0a2 2 0 0 0-2 2v2h1.5V2a.5.5 0 0 1 .5-.5h2V0H2Zm2 10.5H2a.5.5 0 0 1-.5-.5V8H0v2a2 2 0 0 0 2 2h2v-1.5ZM8 12v-1.5h2a.5.5 0 0 0 .5-.5V8H12v2a2 2 0 0 1-2 2H8Zm2-12a2 2 0 0 1 2 2v2h-1.5V2a.5.5 0 0 0-.5-.5H8V0h2Z\" \/>\n\t\t\t<\/svg>\n\t\t<\/button><\/figure>\n<\/div>\n\n\n\n<div class=\"wp-block-column is-layout-flow wp-block-column-is-layout-flow\" style=\"padding-top:0;padding-right:0;padding-bottom:0;padding-left:0\">\n<figure data-wp-context=\"{&quot;imageId&quot;:&quot;69e0dccd12119&quot;}\" data-wp-interactive=\"core\/image\" class=\"wp-block-image size-large wp-lightbox-container\"><img loading=\"lazy\" decoding=\"async\" width=\"1024\" height=\"695\" data-wp-class--hide=\"state.isContentHidden\" data-wp-class--show=\"state.isContentVisible\" data-wp-init=\"callbacks.setButtonStyles\" data-wp-on-async--click=\"actions.showLightbox\" data-wp-on-async--load=\"callbacks.setButtonStyles\" data-wp-on-async-window--resize=\"callbacks.setButtonStyles\" src=\"https:\/\/proxwell.pl\/wp-content\/uploads\/2025\/09\/projekt-kierzno-3-1024x695.jpg\" alt=\"\" class=\"wp-image-353\" style=\"aspect-ratio:1;object-fit:cover\" srcset=\"https:\/\/proxwell.pl\/wp-content\/uploads\/2025\/09\/projekt-kierzno-3-1024x695.jpg 1024w, https:\/\/proxwell.pl\/wp-content\/uploads\/2025\/09\/projekt-kierzno-3-300x204.jpg 300w, https:\/\/proxwell.pl\/wp-content\/uploads\/2025\/09\/projekt-kierzno-3.jpg 1788w\" sizes=\"auto, (max-width: 1024px) 100vw, 1024px\" \/><button\n\t\t\tclass=\"lightbox-trigger\"\n\t\t\ttype=\"button\"\n\t\t\taria-haspopup=\"dialog\"\n\t\t\taria-label=\"Powi\u0119ksz\"\n\t\t\tdata-wp-init=\"callbacks.initTriggerButton\"\n\t\t\tdata-wp-on-async--click=\"actions.showLightbox\"\n\t\t\tdata-wp-style--right=\"state.imageButtonRight\"\n\t\t\tdata-wp-style--top=\"state.imageButtonTop\"\n\t\t>\n\t\t\t<svg xmlns=\"http:\/\/www.w3.org\/2000\/svg\" width=\"12\" height=\"12\" fill=\"none\" viewBox=\"0 0 12 12\">\n\t\t\t\t<path fill=\"#fff\" d=\"M2 0a2 2 0 0 0-2 2v2h1.5V2a.5.5 0 0 1 .5-.5h2V0H2Zm2 10.5H2a.5.5 0 0 1-.5-.5V8H0v2a2 2 0 0 0 2 2h2v-1.5ZM8 12v-1.5h2a.5.5 0 0 0 .5-.5V8H12v2a2 2 0 0 1-2 2H8Zm2-12a2 2 0 0 1 2 2v2h-1.5V2a.5.5 0 0 0-.5-.5H8V0h2Z\" \/>\n\t\t\t<\/svg>\n\t\t<\/button><\/figure>\n<\/div>\n<\/div>\n<\/div>\n\n\n\n<div class=\"wp-block-group has-global-padding is-layout-constrained wp-block-group-is-layout-constrained\">\n<div class=\"wp-block-group is-layout-flow wp-block-group-is-layout-flow\">\n<figure data-wp-context=\"{&quot;imageId&quot;:&quot;69e0dccd125ed&quot;}\" data-wp-interactive=\"core\/image\" class=\"wp-block-image size-large is-resized wp-lightbox-container\"><img loading=\"lazy\" decoding=\"async\" width=\"1024\" height=\"664\" data-wp-class--hide=\"state.isContentHidden\" data-wp-class--show=\"state.isContentVisible\" data-wp-init=\"callbacks.setButtonStyles\" data-wp-on-async--click=\"actions.showLightbox\" data-wp-on-async--load=\"callbacks.setButtonStyles\" data-wp-on-async-window--resize=\"callbacks.setButtonStyles\" src=\"https:\/\/proxwell.pl\/wp-content\/uploads\/2025\/09\/projekt-3-3-1024x664.jpg\" alt=\"\" class=\"wp-image-361\" style=\"aspect-ratio:1;object-fit:cover;width:500px;height:auto\" srcset=\"https:\/\/proxwell.pl\/wp-content\/uploads\/2025\/09\/projekt-3-3-1024x664.jpg 1024w, https:\/\/proxwell.pl\/wp-content\/uploads\/2025\/09\/projekt-3-3-300x194.jpg 300w, https:\/\/proxwell.pl\/wp-content\/uploads\/2025\/09\/projekt-3-3.jpg 1788w\" sizes=\"auto, (max-width: 1024px) 100vw, 1024px\" \/><button\n\t\t\tclass=\"lightbox-trigger\"\n\t\t\ttype=\"button\"\n\t\t\taria-haspopup=\"dialog\"\n\t\t\taria-label=\"Powi\u0119ksz\"\n\t\t\tdata-wp-init=\"callbacks.initTriggerButton\"\n\t\t\tdata-wp-on-async--click=\"actions.showLightbox\"\n\t\t\tdata-wp-style--right=\"state.imageButtonRight\"\n\t\t\tdata-wp-style--top=\"state.imageButtonTop\"\n\t\t>\n\t\t\t<svg xmlns=\"http:\/\/www.w3.org\/2000\/svg\" width=\"12\" height=\"12\" fill=\"none\" viewBox=\"0 0 12 12\">\n\t\t\t\t<path fill=\"#fff\" d=\"M2 0a2 2 0 0 0-2 2v2h1.5V2a.5.5 0 0 1 .5-.5h2V0H2Zm2 10.5H2a.5.5 0 0 1-.5-.5V8H0v2a2 2 0 0 0 2 2h2v-1.5ZM8 12v-1.5h2a.5.5 0 0 0 .5-.5V8H12v2a2 2 0 0 1-2 2H8Zm2-12a2 2 0 0 1 2 2v2h-1.5V2a.5.5 0 0 0-.5-.5H8V0h2Z\" \/>\n\t\t\t<\/svg>\n\t\t<\/button><\/figure>\n\n\n\n<p class=\"has-secondary-color has-text-color has-medium-font-size\"><\/p>\n\n\n\n<h2 class=\"wp-block-heading has-lightgrey-background-color has-background has-medium-font-size\">Jak powstaj\u0105 meble szyte na miar\u0119<\/h2>\n\n\n\n<div class=\"wp-block-columns is-layout-flex wp-container-core-columns-is-layout-28f84493 wp-block-columns-is-layout-flex\">\n<div class=\"wp-block-column is-style-default is-layout-flow wp-block-column-is-layout-flow\" style=\"border-top-style:none;border-top-width:0px;border-right-style:none;border-right-width:0px;border-bottom-style:none;border-bottom-width:0px;border-left-color:var(--wp--preset--color--lightgrey);border-left-width:1px;padding-top:35px;padding-right:2%;padding-bottom:35px;padding-left:5%\">\n<h2 class=\"wp-block-heading has-primary-color has-text-color\"><strong>1.<\/strong><\/h2>\n\n\n\n<div class=\"wp-block-cover is-style-round-corners\" style=\"min-height:277px;aspect-ratio:unset;\"><img loading=\"lazy\" decoding=\"async\" width=\"1788\" height=\"1214\" class=\"wp-block-cover__image-background wp-image-328\" alt=\"\" src=\"https:\/\/proxwell.pl\/wp-content\/uploads\/2025\/09\/Kierznio-V2-Front3.jpg\" data-object-fit=\"cover\" srcset=\"https:\/\/proxwell.pl\/wp-content\/uploads\/2025\/09\/Kierznio-V2-Front3.jpg 1788w, https:\/\/proxwell.pl\/wp-content\/uploads\/2025\/09\/Kierznio-V2-Front3-300x204.jpg 300w, https:\/\/proxwell.pl\/wp-content\/uploads\/2025\/09\/Kierznio-V2-Front3-1024x695.jpg 1024w\" sizes=\"auto, (max-width: 1788px) 100vw, 1788px\" \/><span aria-hidden=\"true\" class=\"wp-block-cover__background has-primary-background-color has-background-dim\"><\/span><div class=\"wp-block-cover__inner-container is-layout-flow wp-block-cover-is-layout-flow\">\n<p class=\"has-text-align-center has-large-font-size\"><\/p>\n\n\n\n<p><\/p>\n<\/div><\/div>\n\n\n\n<h2 class=\"wp-block-heading\">Pomiar u klienta<\/h2>\n\n\n\n<p class=\"has-small-font-size\">zaczynamy od dok\u0142adnych pomiar\u00f3w przestrzeni, aby projekt idealnie pasowa\u0142 do wn\u0119trza.<\/p>\n\n\n\n<p><\/p>\n<\/div>\n\n\n\n<div class=\"wp-block-column is-style-default is-layout-flow wp-block-column-is-layout-flow\" style=\"border-top-style:none;border-top-width:0px;border-right-style:none;border-right-width:0px;border-bottom-style:none;border-bottom-width:0px;border-left-color:var(--wp--preset--color--lightgrey);border-left-width:1px;padding-top:35px;padding-right:2%;padding-bottom:35px;padding-left:5%\">\n<h2 class=\"wp-block-heading has-primary-color has-text-color\"><strong>2.<\/strong><\/h2>\n\n\n\n<div class=\"wp-block-cover is-style-round-corners\" style=\"min-height:277px;aspect-ratio:unset;\"><img loading=\"lazy\" decoding=\"async\" width=\"1788\" height=\"1214\" class=\"wp-block-cover__image-background wp-image-329\" alt=\"\" src=\"https:\/\/proxwell.pl\/wp-content\/uploads\/2025\/09\/Kierznio-V2-Front2.jpg\" data-object-fit=\"cover\" srcset=\"https:\/\/proxwell.pl\/wp-content\/uploads\/2025\/09\/Kierznio-V2-Front2.jpg 1788w, https:\/\/proxwell.pl\/wp-content\/uploads\/2025\/09\/Kierznio-V2-Front2-300x204.jpg 300w, https:\/\/proxwell.pl\/wp-content\/uploads\/2025\/09\/Kierznio-V2-Front2-1024x695.jpg 1024w\" sizes=\"auto, (max-width: 1788px) 100vw, 1788px\" \/><span aria-hidden=\"true\" class=\"wp-block-cover__background has-primary-background-color has-background-dim\"><\/span><div class=\"wp-block-cover__inner-container is-layout-flow wp-block-cover-is-layout-flow\">\n<p class=\"has-text-align-center has-large-font-size\"><\/p>\n<\/div><\/div>\n\n\n\n<h2 class=\"wp-block-heading\">Wycena<\/h2>\n\n\n\n<p class=\"has-small-font-size\">przygotowujemy szczeg\u00f3\u0142ow\u0105 ofert\u0119 dostosowan\u0105 do Twoich oczekiwa\u0144.<\/p>\n\n\n\n<p><\/p>\n<\/div>\n\n\n\n<div class=\"wp-block-column is-style-default is-layout-flow wp-block-column-is-layout-flow\" style=\"border-top-style:none;border-top-width:0px;border-right-style:none;border-right-width:0px;border-bottom-style:none;border-bottom-width:0px;border-left-color:var(--wp--preset--color--lightgrey);border-left-width:1px;padding-top:35px;padding-right:2%;padding-bottom:35px;padding-left:5%\">\n<h2 class=\"wp-block-heading has-primary-color has-text-color\"><strong>3.<\/strong><\/h2>\n\n\n\n<div class=\"wp-block-cover is-style-round-corners\" style=\"min-height:277px;aspect-ratio:unset;\"><img loading=\"lazy\" decoding=\"async\" width=\"1788\" height=\"1214\" class=\"wp-block-cover__image-background wp-image-330\" alt=\"\" src=\"https:\/\/proxwell.pl\/wp-content\/uploads\/2025\/09\/Kierznio-V2-Perspektywa-6.jpg\" data-object-fit=\"cover\" srcset=\"https:\/\/proxwell.pl\/wp-content\/uploads\/2025\/09\/Kierznio-V2-Perspektywa-6.jpg 1788w, https:\/\/proxwell.pl\/wp-content\/uploads\/2025\/09\/Kierznio-V2-Perspektywa-6-300x204.jpg 300w, https:\/\/proxwell.pl\/wp-content\/uploads\/2025\/09\/Kierznio-V2-Perspektywa-6-1024x695.jpg 1024w\" sizes=\"auto, (max-width: 1788px) 100vw, 1788px\" \/><span aria-hidden=\"true\" class=\"wp-block-cover__background has-primary-background-color has-background-dim\"><\/span><div class=\"wp-block-cover__inner-container is-layout-flow wp-block-cover-is-layout-flow\">\n<p class=\"has-text-align-center has-large-font-size\"><\/p>\n<\/div><\/div>\n\n\n\n<h2 class=\"wp-block-heading\">Projekt mebli<\/h2>\n\n\n\n<p class=\"has-small-font-size\">Tworzymy wizualizacj\u0119 w jako\u015bci fotorealistycznej, dzi\u0119ki czemu zobaczysz meble w naturalnym \u015bwietle, kolorystyce i proporcjach.<\/p>\n<\/div>\n<\/div>\n<\/div>\n<\/div>\n\n\n\n<div class=\"wp-block-group has-global-padding is-layout-constrained wp-block-group-is-layout-constrained\">\n<p class=\"has-text-align-left has-small-font-size\"><mark style=\"background-color:rgba(0, 0, 0, 0);color:#4cbfb7\" class=\"has-inline-color\">Opr\u00f3cz wizualizacji statycznych mo\u017cemy przes\u0142a\u0107 Ci r\u00f3wnie\u017c panoramiczny widok 3D, kt\u00f3ry pozwala \u201ewej\u015b\u0107\u201d do wn\u0119trza i obejrze\u0107 je z ka\u017cdej strony.<\/mark><\/p>\n\n\n\n<div class=\"wp-block-group is-layout-flow wp-block-group-is-layout-flow\">\n<p class=\"has-text-color\" style=\"color:#0bb4aa\"><\/p>\n\n\n\n<h4 class=\"wp-block-heading has-lightgrey-background-color has-background has-medium-font-size\">Zalety projektu przed wykonaniem mebli<\/h4>\n<\/div>\n\n\n\n<div class=\"wp-block-group is-layout-flow wp-block-group-is-layout-flow\">\n<div class=\"wp-block-columns is-layout-flex wp-container-core-columns-is-layout-28f84493 wp-block-columns-is-layout-flex\">\n<div class=\"wp-block-column is-style-shadow has-background is-layout-flow wp-block-column-is-layout-flow\" style=\"border-style:none;border-width:0px;background-color:#f4f5f8;padding-top:30px;padding-right:30px;padding-bottom:30px;padding-left:30px\">\n<p class=\"has-small-font-size\">1. Pewno\u015b\u0107 efektu \u2013 widzisz, jak meble b\u0119d\u0105 wygl\u0105da\u0107 w Twoim wn\u0119trzu, zanim trafi\u0105 do realizacji.<\/p>\n\n\n\n<p class=\"has-small-font-size\">2. Dopasowanie do przestrzeni \u2013 projekt uwzgl\u0119dnia dok\u0142adne wymiary i uk\u0142ad pomieszczenia, dzi\u0119ki czemu ka\u017cdy centymetr jest wykorzystany maksymalnie funkcjonalnie.<\/p>\n\n\n\n<p class=\"has-small-font-size\">3. Kontrola nad wygl\u0105dem \u2013 mo\u017cesz wybra\u0107 kolory, materia\u0142y i uk\u0142ad, a tak\u017ce wprowadza\u0107 zmiany na etapie projektu \u2013 bez kosztownych poprawek w p\u00f3\u017aniejszym czasie.<\/p>\n\n\n\n<figure data-wp-context=\"{&quot;imageId&quot;:&quot;69e0dccd1352e&quot;}\" data-wp-interactive=\"core\/image\" class=\"wp-block-image size-large wp-lightbox-container\"><img loading=\"lazy\" decoding=\"async\" width=\"1024\" height=\"706\" data-wp-class--hide=\"state.isContentHidden\" data-wp-class--show=\"state.isContentVisible\" data-wp-init=\"callbacks.setButtonStyles\" data-wp-on-async--click=\"actions.showLightbox\" data-wp-on-async--load=\"callbacks.setButtonStyles\" data-wp-on-async-window--resize=\"callbacks.setButtonStyles\" src=\"https:\/\/proxwell.pl\/wp-content\/uploads\/2025\/09\/projekt-1-1024x706.jpg\" alt=\"\" class=\"wp-image-331\" srcset=\"https:\/\/proxwell.pl\/wp-content\/uploads\/2025\/09\/projekt-1-1024x706.jpg 1024w, https:\/\/proxwell.pl\/wp-content\/uploads\/2025\/09\/projekt-1-300x207.jpg 300w, https:\/\/proxwell.pl\/wp-content\/uploads\/2025\/09\/projekt-1.jpg 1760w\" sizes=\"auto, (max-width: 1024px) 100vw, 1024px\" \/><button\n\t\t\tclass=\"lightbox-trigger\"\n\t\t\ttype=\"button\"\n\t\t\taria-haspopup=\"dialog\"\n\t\t\taria-label=\"Powi\u0119ksz\"\n\t\t\tdata-wp-init=\"callbacks.initTriggerButton\"\n\t\t\tdata-wp-on-async--click=\"actions.showLightbox\"\n\t\t\tdata-wp-style--right=\"state.imageButtonRight\"\n\t\t\tdata-wp-style--top=\"state.imageButtonTop\"\n\t\t>\n\t\t\t<svg xmlns=\"http:\/\/www.w3.org\/2000\/svg\" width=\"12\" height=\"12\" fill=\"none\" viewBox=\"0 0 12 12\">\n\t\t\t\t<path fill=\"#fff\" d=\"M2 0a2 2 0 0 0-2 2v2h1.5V2a.5.5 0 0 1 .5-.5h2V0H2Zm2 10.5H2a.5.5 0 0 1-.5-.5V8H0v2a2 2 0 0 0 2 2h2v-1.5ZM8 12v-1.5h2a.5.5 0 0 0 .5-.5V8H12v2a2 2 0 0 1-2 2H8Zm2-12a2 2 0 0 1 2 2v2h-1.5V2a.5.5 0 0 0-.5-.5H8V0h2Z\" \/>\n\t\t\t<\/svg>\n\t\t<\/button><\/figure>\n<\/div>\n\n\n\n<div class=\"wp-block-column is-style-shadow has-background is-layout-flow wp-block-column-is-layout-flow\" style=\"border-style:none;border-width:0px;background-color:#f4f5f8;padding-top:30px;padding-right:30px;padding-bottom:30px;padding-left:30px\">\n<p class=\"has-small-font-size\">4. Fotorealistyczna wizualizacja \u2013 zobaczysz meble w naturalnym \u015bwietle i proporcjach, niemal jak na zdj\u0119ciu gotowego wn\u0119trza.<\/p>\n\n\n\n<p class=\"has-small-font-size\">5. Panorama 360\u00b0 \u2013 mo\u017cliwo\u015b\u0107 wirtualnego \u201espaceru\u201d po wn\u0119trzu i obejrzenia projektu z ka\u017cdej perspektywy.<\/p>\n\n\n\n<p class=\"has-small-font-size\">6. \u015awiadoma decyzja \u2013 masz pe\u0142n\u0105 kontrol\u0119 nad wygl\u0105dem i funkcjonalno\u015bci\u0105, zanim podejmiesz finaln\u0105 decyzj\u0119 o realizacji. Unikasz nietrafionych decyzji i poprawek, kt\u00f3re mog\u0142yby pojawi\u0107 si\u0119 bez wcze\u015bniejszego projektu.<\/p>\n\n\n\n<figure data-wp-context=\"{&quot;imageId&quot;:&quot;69e0dccd13a5d&quot;}\" data-wp-interactive=\"core\/image\" class=\"wp-block-image size-large wp-lightbox-container\"><img loading=\"lazy\" decoding=\"async\" width=\"1024\" height=\"706\" data-wp-class--hide=\"state.isContentHidden\" data-wp-class--show=\"state.isContentVisible\" data-wp-init=\"callbacks.setButtonStyles\" data-wp-on-async--click=\"actions.showLightbox\" data-wp-on-async--load=\"callbacks.setButtonStyles\" data-wp-on-async-window--resize=\"callbacks.setButtonStyles\" src=\"https:\/\/proxwell.pl\/wp-content\/uploads\/2025\/09\/projekt-2-1024x706.jpg\" alt=\"\" class=\"wp-image-332\" srcset=\"https:\/\/proxwell.pl\/wp-content\/uploads\/2025\/09\/projekt-2-1024x706.jpg 1024w, https:\/\/proxwell.pl\/wp-content\/uploads\/2025\/09\/projekt-2-300x207.jpg 300w, https:\/\/proxwell.pl\/wp-content\/uploads\/2025\/09\/projekt-2.jpg 1760w\" sizes=\"auto, (max-width: 1024px) 100vw, 1024px\" \/><button\n\t\t\tclass=\"lightbox-trigger\"\n\t\t\ttype=\"button\"\n\t\t\taria-haspopup=\"dialog\"\n\t\t\taria-label=\"Powi\u0119ksz\"\n\t\t\tdata-wp-init=\"callbacks.initTriggerButton\"\n\t\t\tdata-wp-on-async--click=\"actions.showLightbox\"\n\t\t\tdata-wp-style--right=\"state.imageButtonRight\"\n\t\t\tdata-wp-style--top=\"state.imageButtonTop\"\n\t\t>\n\t\t\t<svg xmlns=\"http:\/\/www.w3.org\/2000\/svg\" width=\"12\" height=\"12\" fill=\"none\" viewBox=\"0 0 12 12\">\n\t\t\t\t<path fill=\"#fff\" d=\"M2 0a2 2 0 0 0-2 2v2h1.5V2a.5.5 0 0 1 .5-.5h2V0H2Zm2 10.5H2a.5.5 0 0 1-.5-.5V8H0v2a2 2 0 0 0 2 2h2v-1.5ZM8 12v-1.5h2a.5.5 0 0 0 .5-.5V8H12v2a2 2 0 0 1-2 2H8Zm2-12a2 2 0 0 1 2 2v2h-1.5V2a.5.5 0 0 0-.5-.5H8V0h2Z\" \/>\n\t\t\t<\/svg>\n\t\t<\/button><\/figure>\n<\/div>\n<\/div>\n<\/div>\n<\/div>\n\n\n\n<div style=\"height:0px\" aria-hidden=\"true\" class=\"wp-block-spacer\"><\/div>\n\n\n\n<blockquote class=\"wp-block-quote has-lightgrey-background-color has-background is-layout-flow wp-block-quote-is-layout-flow\">\n<figure data-wp-context=\"{&quot;imageId&quot;:&quot;69e0dccd13f89&quot;}\" data-wp-interactive=\"core\/image\" class=\"wp-block-image size-large is-resized has-custom-border is-style-default wp-lightbox-container\" style=\"margin-top:0;margin-bottom:0\"><img loading=\"lazy\" decoding=\"async\" width=\"1024\" height=\"697\" data-wp-class--hide=\"state.isContentHidden\" data-wp-class--show=\"state.isContentVisible\" data-wp-init=\"callbacks.setButtonStyles\" data-wp-on-async--click=\"actions.showLightbox\" data-wp-on-async--load=\"callbacks.setButtonStyles\" data-wp-on-async-window--resize=\"callbacks.setButtonStyles\" src=\"https:\/\/proxwell.pl\/wp-content\/uploads\/2025\/09\/Wyczolkowskiego-38-kuchnia-2-.1-1-1024x697.bmp\" alt=\"\" class=\"has-border-color wp-image-434\" style=\"border-color:#6C6C77;border-width:13px;border-radius:42px;width:1120px;height:auto\" srcset=\"https:\/\/proxwell.pl\/wp-content\/uploads\/2025\/09\/Wyczolkowskiego-38-kuchnia-2-.1-1-1024x697.bmp 1024w, https:\/\/proxwell.pl\/wp-content\/uploads\/2025\/09\/Wyczolkowskiego-38-kuchnia-2-.1-1-300x204.bmp 300w, https:\/\/proxwell.pl\/wp-content\/uploads\/2025\/09\/Wyczolkowskiego-38-kuchnia-2-.1-1.bmp 1784w\" sizes=\"auto, (max-width: 1024px) 100vw, 1024px\" \/><button\n\t\t\tclass=\"lightbox-trigger\"\n\t\t\ttype=\"button\"\n\t\t\taria-haspopup=\"dialog\"\n\t\t\taria-label=\"Powi\u0119ksz\"\n\t\t\tdata-wp-init=\"callbacks.initTriggerButton\"\n\t\t\tdata-wp-on-async--click=\"actions.showLightbox\"\n\t\t\tdata-wp-style--right=\"state.imageButtonRight\"\n\t\t\tdata-wp-style--top=\"state.imageButtonTop\"\n\t\t>\n\t\t\t<svg xmlns=\"http:\/\/www.w3.org\/2000\/svg\" width=\"12\" height=\"12\" fill=\"none\" viewBox=\"0 0 12 12\">\n\t\t\t\t<path fill=\"#fff\" d=\"M2 0a2 2 0 0 0-2 2v2h1.5V2a.5.5 0 0 1 .5-.5h2V0H2Zm2 10.5H2a.5.5 0 0 1-.5-.5V8H0v2a2 2 0 0 0 2 2h2v-1.5ZM8 12v-1.5h2a.5.5 0 0 0 .5-.5V8H12v2a2 2 0 0 1-2 2H8Zm2-12a2 2 0 0 1 2 2v2h-1.5V2a.5.5 0 0 0-.5-.5H8V0h2Z\" \/>\n\t\t\t<\/svg>\n\t\t<\/button><figcaption class=\"wp-element-caption\">Pewno\u015b\u0107, terminowo\u015b\u0107, jako\u015b\u0107. Nam mo\u017cesz powierzy\u0107 swoje zlecenie bezpiecznie!<\/figcaption><\/figure>\n<\/blockquote>\n\n\n\n<figure class=\"wp-block-image aligncenter size-large is-style-rounded\"><img loading=\"lazy\" decoding=\"async\" width=\"250\" height=\"58\" src=\"https:\/\/proxwell.pl\/wp-content\/uploads\/2025\/09\/PROXWELL-4.5-3.jpg\" alt=\"\" class=\"wp-image-424\"\/><\/figure>\n\n\n<p class=\"fonts-plugin-block \"><\/p>","protected":false},"excerpt":{"rendered":"<p>Naszym klientom oferujemy kompleksow\u0105 us\u0142ug\u0119 projektowania mebli z wykorzystaniem profesjonalnego oprogramowania, kt\u00f3re pozwala na tworzenie realistycznych wizualizacji. Jak powstaj\u0105 meble szyte na miar\u0119 1. Pomiar u klienta zaczynamy od dok\u0142adnych pomiar\u00f3w przestrzeni, aby projekt idealnie pasowa\u0142 do wn\u0119trza. 2. Wycena przygotowujemy szczeg\u00f3\u0142ow\u0105 ofert\u0119 dostosowan\u0105 do Twoich oczekiwa\u0144. 3. Projekt mebli Tworzymy wizualizacj\u0119 w jako\u015bci fotorealistycznej, &hellip; <\/p>\n<p class=\"link-more\"><a href=\"https:\/\/proxwell.pl\/?page_id=317\" class=\"more-link\">Read more<span class=\"screen-reader-text\"> &#8222;Projekty mebli&#8221;<\/span><\/a><\/p>\n","protected":false},"author":1,"featured_media":347,"parent":0,"menu_order":0,"comment_status":"closed","ping_status":"closed","template":"","meta":{"footnotes":""},"class_list":["post-317","page","type-page","status-publish","has-post-thumbnail","hentry"],"_links":{"self":[{"href":"https:\/\/proxwell.pl\/index.php?rest_route=\/wp\/v2\/pages\/317","targetHints":{"allow":["GET"]}}],"collection":[{"href":"https:\/\/proxwell.pl\/index.php?rest_route=\/wp\/v2\/pages"}],"about":[{"href":"https:\/\/proxwell.pl\/index.php?rest_route=\/wp\/v2\/types\/page"}],"author":[{"embeddable":true,"href":"https:\/\/proxwell.pl\/index.php?rest_route=\/wp\/v2\/users\/1"}],"replies":[{"embeddable":true,"href":"https:\/\/proxwell.pl\/index.php?rest_route=%2Fwp%2Fv2%2Fcomments&post=317"}],"version-history":[{"count":33,"href":"https:\/\/proxwell.pl\/index.php?rest_route=\/wp\/v2\/pages\/317\/revisions"}],"predecessor-version":[{"id":489,"href":"https:\/\/proxwell.pl\/index.php?rest_route=\/wp\/v2\/pages\/317\/revisions\/489"}],"wp:featuredmedia":[{"embeddable":true,"href":"https:\/\/proxwell.pl\/index.php?rest_route=\/wp\/v2\/media\/347"}],"wp:attachment":[{"href":"https:\/\/proxwell.pl\/index.php?rest_route=%2Fwp%2Fv2%2Fmedia&parent=317"}],"curies":[{"name":"wp","href":"https:\/\/api.w.org\/{rel}","templated":true}]}}