{"id":365,"date":"2025-09-25T19:00:14","date_gmt":"2025-09-25T19:00:14","guid":{"rendered":"https:\/\/proxwell.pl\/?page_id=365"},"modified":"2025-09-26T15:13:50","modified_gmt":"2025-09-26T15:13:50","slug":"kontakt","status":"publish","type":"page","link":"https:\/\/proxwell.pl\/?page_id=365","title":{"rendered":"Kontakt"},"content":{"rendered":"\n<p>Zapraszamy !!!<\/p>\n\n\n\n<figure class=\"wp-block-image size-large\"><img loading=\"lazy\" decoding=\"async\" width=\"1024\" height=\"1024\" src=\"https:\/\/proxwell.pl\/wp-content\/uploads\/2025\/09\/kontakt-strona-1024x1024.png\" alt=\"\" class=\"wp-image-389\" srcset=\"https:\/\/proxwell.pl\/wp-content\/uploads\/2025\/09\/kontakt-strona-1024x1024.png 1024w, https:\/\/proxwell.pl\/wp-content\/uploads\/2025\/09\/kontakt-strona-300x300.png 300w, https:\/\/proxwell.pl\/wp-content\/uploads\/2025\/09\/kontakt-strona-150x150.png 150w, https:\/\/proxwell.pl\/wp-content\/uploads\/2025\/09\/kontakt-strona.png 1080w\" sizes=\"auto, (max-width: 1024px) 100vw, 1024px\" \/><\/figure>\n\n\n<p class=\"fonts-plugin-block \" style=\"font-size: 20px;line-height: 1.7;color: #000\">Kliknij w logo Facebook aby przej\u015b\u0107 do naszego profilu- gdzie na bie\u017c\u0105co aktualizujemy nasze realizacje:<\/p>\n\n\n<ul class=\"wp-block-social-links has-visible-labels is-content-justification-center is-layout-flex wp-container-core-social-links-is-layout-a89b3969 wp-block-social-links-is-layout-flex\"><li class=\"wp-social-link wp-social-link-facebook  wp-block-social-link\"><a href=\"https:\/\/www.facebook.com\/profile.php?id=100090949161369\" class=\"wp-block-social-link-anchor\"><svg width=\"24\" height=\"24\" viewBox=\"0 0 24 24\" version=\"1.1\" xmlns=\"http:\/\/www.w3.org\/2000\/svg\" aria-hidden=\"true\" focusable=\"false\"><path d=\"M12 2C6.5 2 2 6.5 2 12c0 5 3.7 9.1 8.4 9.9v-7H7.9V12h2.5V9.8c0-2.5 1.5-3.9 3.8-3.9 1.1 0 2.2.2 2.2.2v2.5h-1.3c-1.2 0-1.6.8-1.6 1.6V12h2.8l-.4 2.9h-2.3v7C18.3 21.1 22 17 22 12c0-5.5-4.5-10-10-10z\"><\/path><\/svg><span class=\"wp-block-social-link-label\">Facebook<\/span><\/a><\/li><\/ul>\n\n\n<div id=\"wpgmza_map\" class=\"wpgmza_map\" data-settings='{\"id\":\"1\",\"map_title\":\"Proxwell siedziba\",\"map_width\":\"100\",\"map_height\":\"800\",\"map_start_lat\":\"51.32364438031274\",\"map_start_lng\":\"18.090093227094293\",\"map_start_location\":\"45.950464398418106,-109.81550500000003\",\"map_start_zoom\":\"9\",\"default_marker\":\"\",\"type\":\"4\",\"alignment\":\"4\",\"directions_enabled\":\"0\",\"styling_enabled\":\"0\",\"styling_json\":\"\",\"active\":\"0\",\"kml\":\"\",\"bicycle\":\"0\",\"traffic\":\"0\",\"dbox\":\"0\",\"dbox_width\":\"\",\"listmarkers\":\"0\",\"listmarkers_advanced\":\"0\",\"filterbycat\":\"0\",\"ugm_enabled\":\"0\",\"ugm_category_enabled\":\"0\",\"fusion\":\"\",\"map_width_type\":\"%\",\"map_height_type\":\"px\",\"mass_marker_support\":\"0\",\"ugm_access\":\"0\",\"order_markers_by\":\"0\",\"order_markers_choice\":\"0\",\"show_user_location\":\"0\",\"default_to\":\"\",\"other_settings\":{\"map_type\":1,\"sl_stroke_color\":\"\",\"sl_fill_color\":\"\",\"sl_stroke_opacity\":\"\",\"sl_fill_opacity\":\"\",\"transport_layer\":false,\"action\":\"wpgmza_save_map\",\"redirect_to\":\"\\\/wp-admin\\\/admin-post.php\",\"map_id\":\"1\",\"wpgmza_savemap\":\"Zapisz map\\u0119 \\u00bb\",\"http_referer\":\"\\\/wp-admin\\\/admin.php?page=wp-google-maps-menu&amp;amp;action=edit&amp;amp;map_id=1\",\"wpgmza_id\":\"1\",\"wpgmza_start_location\":\"51.32364438031274,18.090093227094293\",\"wpgmza_start_zoom\":\"8\",\"wpgmza_map_align\":\"1\",\"store_locator_enabled\":false,\"store_locator_distance\":false,\"store_locator_search_area\":\"radial\",\"wpgmza_store_locator_default_radius\":\"300\",\"store_locator_auto_area_max_zoom\":\"\",\"wpgmza_store_locator_radius_style\":\"legacy\",\"store_locator_component_anchor\":\"0\",\"wpgmza_store_locator_bounce\":false,\"wpgmza_sl_animation\":null,\"store_locator_query_string\":\"\",\"store_locator_location_placeholder\":\"\",\"store_locator_default_address\":\"\",\"store_locator_name_search\":false,\"store_locator_name_string\":\"\",\"store_locator_not_found_message\":\"\",\"store_locator_show_distance\":false,\"store_locator_category\":false,\"wpgmza_store_locator_use_their_location\":false,\"wpgmza_store_locator_hide_before_search\":false,\"store_locator_nearby_searches\":false,\"wpgmza_theme_data\":\"\",\"custom_tile_enabled\":false,\"custom_tile_image\":\"\",\"custom_tile_image_width\":\"\",\"custom_tile_image_height\":\"\",\"custom_tile_image_attribution\":\"\",\"iw_primary_color\":\"#000000\",\"iw_accent_color\":\"#000000\",\"iw_text_color\":\"#000000\",\"close_infowindow_on_map_click\":false,\"marker_share_links\":false,\"wpgmza_listmarkers_by\":\"0\",\"marker_listing_component_anchor\":null,\"marker_listing_component_auto_open\":false,\"dataTable_pagination_style\":null,\"category_filter_component_anchor\":null,\"zoom_level_on_marker_listing_override\":false,\"zoom_level_on_marker_listing_click\":\"\",\"marker_listing_disable_zoom\":false,\"datatable_no_result_message\":\"\",\"remove_search_box_datables\":false,\"datatable_search_string\":\"\",\"datatable_result_start\":\"\",\"datatable_result_of\":\"\",\"datatable_result_to\":\"\",\"datatable_result_total\":\"\",\"datatable_result_show\":\"\",\"datatable_result_entries\":\"\",\"category_legends_enabled\":false,\"category_legends_component_anchor\":null,\"jump_to_nearest_marker_on_initialization\":false,\"click_open_link\":false,\"wpgmza_zoom_on_marker_click\":false,\"wpgmza_zoom_on_marker_click_slider\":\"\",\"polygon_labels\":false,\"disable_polygon_info_windows\":false,\"fit_maps_bounds_to_markers\":false,\"fit_maps_bounds_to_markers_after_filtering\":false,\"automatically_pan_to_users_location\":false,\"override_users_location_zoom_level\":false,\"override_users_location_zoom_levels\":\"\",\"show_distance_from_location\":false,\"map_starts_in_streetview\":false,\"map_starts_in_streetview_location\":\"\",\"map_starts_in_streetview_heading\":\"\",\"map_starts_in_streetview_pitch\":\"\",\"map_max_zoom\":\"21\",\"map_min_zoom\":\"0\",\"hide_point_of_interest\":false,\"disable_lightbox_images\":false,\"use_Raw_Jpeg_Coordinates\":false,\"enable_marker_ratings\":false,\"only_load_markers_within_viewport\":false,\"wpgmza_ol_tile_filter\":\"none\",\"enable_marker_labels\":false,\"zoom_level_mobile_override_enabled\":false,\"zoom_level_mobile_override\":\"\",\"wpgmza_store_locator_position\":false,\"wpgmza_marker_listing_position\":false}}' data-map-id='1' Data-maps-engine='open-layers' data-shortcode-attributes='{\"id\":\"1\"}' style=\"display:block; overflow:auto; width:100%; height:800px; float:left;\"><\/div>\n\n\n<p class=\"has-lightgrey-background-color has-background has-small-font-size\"><\/p>\n\n\n\n<figure class=\"wp-block-image aligncenter size-full is-resized\"><img loading=\"lazy\" decoding=\"async\" width=\"250\" height=\"58\" src=\"https:\/\/proxwell.pl\/wp-content\/uploads\/2025\/09\/PROXWELL-4.5-2.jpg\" alt=\"\" class=\"wp-image-419\" style=\"width:500px\"\/><\/figure>\n","protected":false},"excerpt":{"rendered":"<p>Zapraszamy !!!<\/p>\n","protected":false},"author":1,"featured_media":446,"parent":0,"menu_order":4,"comment_status":"closed","ping_status":"closed","template":"","meta":{"footnotes":""},"class_list":["post-365","page","type-page","status-publish","has-post-thumbnail","hentry"],"_links":{"self":[{"href":"https:\/\/proxwell.pl\/index.php?rest_route=\/wp\/v2\/pages\/365","targetHints":{"allow":["GET"]}}],"collection":[{"href":"https:\/\/proxwell.pl\/index.php?rest_route=\/wp\/v2\/pages"}],"about":[{"href":"https:\/\/proxwell.pl\/index.php?rest_route=\/wp\/v2\/types\/page"}],"author":[{"embeddable":true,"href":"https:\/\/proxwell.pl\/index.php?rest_route=\/wp\/v2\/users\/1"}],"replies":[{"embeddable":true,"href":"https:\/\/proxwell.pl\/index.php?rest_route=%2Fwp%2Fv2%2Fcomments&post=365"}],"version-history":[{"count":15,"href":"https:\/\/proxwell.pl\/index.php?rest_route=\/wp\/v2\/pages\/365\/revisions"}],"predecessor-version":[{"id":482,"href":"https:\/\/proxwell.pl\/index.php?rest_route=\/wp\/v2\/pages\/365\/revisions\/482"}],"wp:featuredmedia":[{"embeddable":true,"href":"https:\/\/proxwell.pl\/index.php?rest_route=\/wp\/v2\/media\/446"}],"wp:attachment":[{"href":"https:\/\/proxwell.pl\/index.php?rest_route=%2Fwp%2Fv2%2Fmedia&parent=365"}],"curies":[{"name":"wp","href":"https:\/\/api.w.org\/{rel}","templated":true}]}}