{"id":7,"date":"2023-03-02T18:32:45","date_gmt":"2023-03-02T18:32:45","guid":{"rendered":"https:\/\/proxwell.pl\/?page_id=7"},"modified":"2025-09-26T15:08:45","modified_gmt":"2025-09-26T15:08:45","slug":"about","status":"publish","type":"page","link":"https:\/\/proxwell.pl\/?page_id=7","title":{"rendered":"O firmie&#8230;"},"content":{"rendered":"\n<p><\/p>\n\n\n\n<p class=\"has-lightgrey-background-color has-background has-medium-font-size\"><strong>Witamy na stronie naszej firmy!<\/strong><\/p>\n\n\n\n<p class=\"has-small-font-size\">Je\u015bli szukasz solidnego wykonawcy, kt\u00f3ry \u0142\u0105czy fachowo\u015b\u0107 z rozs\u0105dnymi cenami \u2013 jeste\u015b we w\u0142a\u015bciwym miejscu. Od lat realizujemy projekty, dbaj\u0105c o najwy\u017csz\u0105 jako\u015b\u0107 us\u0142ug i partnerskie podej\u015bcie do ka\u017cdego klienta.<\/p>\n\n\n\n<p class=\"has-small-font-size\">Wierzymy, \u017ce sukces opiera si\u0119 na zaufaniu. Dlatego nie tylko wykonujemy zlecenia, ale stajemy si\u0119 partnerem, na kt\u00f3rego zawsze mo\u017cesz liczy\u0107. Zawsze doprowadzamy prac\u0119 do ko\u0144ca, dopinaj\u0105c ka\u017cdy szczeg\u00f3\u0142 na ostatni guzik.<\/p>\n\n\n\n<p class=\"has-small-font-size\">Nasze do\u015bwiadczenie i wszechstronno\u015b\u0107 pozwalaj\u0105 nam \u015bwiadczy\u0107 us\u0142ugi na profesjonalnym poziomie \u2013 od projektowania i produkcji mebli, a\u017c po instalacje elektryczne i hydrauliczne.<\/p>\n\n\n\n<p class=\"has-small-font-size\"><strong>Co oferujemy?<\/strong><\/p>\n\n\n\n<p class=\"has-small-font-size\">1. Meble na wymiar \u2013 projektujemy i wykonujemy zabudowy na indywidualne zam\u00f3wienie (obs\u0142ugujemy m.in. K\u0119pno, Wierusz\u00f3w, Ostrzesz\u00f3w).<\/p>\n\n\n\n<p class=\"has-small-font-size\">2. Us\u0142ugi elektryczne \u2013 instalacje, monitoring, domofony, nap\u0119dy do bram, fotowoltaika.<\/p>\n\n\n\n<p class=\"has-small-font-size\">3. Us\u0142ugi hydrauliczne \u2013 monta\u017c kot\u0142\u00f3w oraz modernizacje instalacji.<\/p>\n\n\n\n<p class=\"has-small-font-size\">Zale\u017cy nam, aby ka\u017cdy klient czu\u0142, \u017ce trafi\u0142 w dobre r\u0119ce. Dlatego jeste\u015bmy dost\u0119pni, otwarci na rozmow\u0119 i gotowi odpowiedzie\u0107 na ka\u017cde pytanie.<\/p>\n\n\n\n<p class=\"has-text-align-right has-lightgrey-background-color has-background has-small-font-size\">Z wyrazami szacunku<\/p>\n\n\n\n<p class=\"has-text-align-right has-lightgrey-background-color has-background has-small-font-size\">                                                                                                                                                            za\u0142oga Proxwell<\/p>\n\n\n\n<p><\/p>\n\n\n\n<p><\/p>\n\n\n\n<div class=\"wp-block-columns alignwide is-layout-flex wp-container-core-columns-is-layout-28f84493 wp-block-columns-is-layout-flex\">\n<div class=\"wp-block-column is-layout-flow wp-block-column-is-layout-flow\">\n<figure class=\"wp-block-image size-large is-resized\"><img loading=\"lazy\" decoding=\"async\" width=\"1024\" height=\"683\" src=\"https:\/\/proxwell.pl\/wp-content\/uploads\/2023\/03\/ralph-ravi-kayden-MyeOnGcibCQ-unsplash-1024x683.jpg\" alt=\"\" class=\"wp-image-29\" style=\"width:281px;height:187px\" srcset=\"https:\/\/proxwell.pl\/wp-content\/uploads\/2023\/03\/ralph-ravi-kayden-MyeOnGcibCQ-unsplash-1024x683.jpg 1024w, https:\/\/proxwell.pl\/wp-content\/uploads\/2023\/03\/ralph-ravi-kayden-MyeOnGcibCQ-unsplash-300x200.jpg 300w, https:\/\/proxwell.pl\/wp-content\/uploads\/2023\/03\/ralph-ravi-kayden-MyeOnGcibCQ-unsplash-768x512.jpg 768w, https:\/\/proxwell.pl\/wp-content\/uploads\/2023\/03\/ralph-ravi-kayden-MyeOnGcibCQ-unsplash-1536x1024.jpg 1536w, https:\/\/proxwell.pl\/wp-content\/uploads\/2023\/03\/ralph-ravi-kayden-MyeOnGcibCQ-unsplash-2048x1365.jpg 2048w, https:\/\/proxwell.pl\/wp-content\/uploads\/2023\/03\/ralph-ravi-kayden-MyeOnGcibCQ-unsplash-2000x1333.jpg 2000w\" sizes=\"auto, (max-width: 1024px) 100vw, 1024px\" \/><\/figure>\n\n\n\n<p class=\"has-black-color has-text-color has-medium-font-size\"><a href=\"#\">Meble<\/a><\/p>\n<\/div>\n\n\n\n<div class=\"wp-block-column is-layout-flow wp-block-column-is-layout-flow\">\n<figure class=\"wp-block-image size-large is-resized\"><img loading=\"lazy\" decoding=\"async\" width=\"683\" height=\"1024\" src=\"https:\/\/proxwell.pl\/wp-content\/uploads\/2023\/03\/markus-spiske-kK7uPfb2YWU-unsplash-683x1024.jpg\" alt=\"\" class=\"wp-image-31\" style=\"width:277px;height:414px\" srcset=\"https:\/\/proxwell.pl\/wp-content\/uploads\/2023\/03\/markus-spiske-kK7uPfb2YWU-unsplash-683x1024.jpg 683w, https:\/\/proxwell.pl\/wp-content\/uploads\/2023\/03\/markus-spiske-kK7uPfb2YWU-unsplash-200x300.jpg 200w, https:\/\/proxwell.pl\/wp-content\/uploads\/2023\/03\/markus-spiske-kK7uPfb2YWU-unsplash-768x1152.jpg 768w, https:\/\/proxwell.pl\/wp-content\/uploads\/2023\/03\/markus-spiske-kK7uPfb2YWU-unsplash-1024x1536.jpg 1024w, https:\/\/proxwell.pl\/wp-content\/uploads\/2023\/03\/markus-spiske-kK7uPfb2YWU-unsplash-1365x2048.jpg 1365w, https:\/\/proxwell.pl\/wp-content\/uploads\/2023\/03\/markus-spiske-kK7uPfb2YWU-unsplash-2000x3000.jpg 2000w, https:\/\/proxwell.pl\/wp-content\/uploads\/2023\/03\/markus-spiske-kK7uPfb2YWU-unsplash-scaled.jpg 1707w\" sizes=\"auto, (max-width: 683px) 100vw, 683px\" \/><\/figure>\n\n\n\n<p class=\"has-black-color has-text-color has-medium-font-size\"><a href=\"#\">Us\u0142ugi elektryczne<\/a><\/p>\n\n\n\n<p class=\"has-text-color\" style=\"color:#7a7a7a\"><\/p>\n<\/div>\n\n\n\n<div class=\"wp-block-column is-layout-flow wp-block-column-is-layout-flow\">\n<figure class=\"wp-block-image size-large\"><img loading=\"lazy\" decoding=\"async\" width=\"1024\" height=\"768\" src=\"https:\/\/proxwell.pl\/wp-content\/uploads\/2023\/03\/bill-mead-wmaP3Tl80ww-unsplash-1024x768.jpg\" alt=\"\" class=\"wp-image-32\" srcset=\"https:\/\/proxwell.pl\/wp-content\/uploads\/2023\/03\/bill-mead-wmaP3Tl80ww-unsplash-1024x768.jpg 1024w, https:\/\/proxwell.pl\/wp-content\/uploads\/2023\/03\/bill-mead-wmaP3Tl80ww-unsplash-300x225.jpg 300w, https:\/\/proxwell.pl\/wp-content\/uploads\/2023\/03\/bill-mead-wmaP3Tl80ww-unsplash-768x576.jpg 768w, https:\/\/proxwell.pl\/wp-content\/uploads\/2023\/03\/bill-mead-wmaP3Tl80ww-unsplash-1536x1152.jpg 1536w, https:\/\/proxwell.pl\/wp-content\/uploads\/2023\/03\/bill-mead-wmaP3Tl80ww-unsplash-2048x1536.jpg 2048w, https:\/\/proxwell.pl\/wp-content\/uploads\/2023\/03\/bill-mead-wmaP3Tl80ww-unsplash-2000x1500.jpg 2000w\" sizes=\"auto, (max-width: 1024px) 100vw, 1024px\" \/><\/figure>\n\n\n\n<p class=\"has-black-color has-text-color has-medium-font-size\"><a href=\"#\">Fotowoltaika<\/a><\/p>\n\n\n\n<p class=\"has-text-color\" style=\"color:#7a7a7a\"><\/p>\n<\/div>\n<\/div>\n\n\n\n<div style=\"height:100px\" aria-hidden=\"true\" class=\"wp-block-spacer\"><\/div>\n\n\n\n<div class=\"wp-block-cover alignfull\" style=\"padding-top:50px;padding-right:50px;padding-bottom:50px;padding-left:50px;min-height:50px;aspect-ratio:unset;\"><span aria-hidden=\"true\" class=\"wp-block-cover__background has-black-background-color has-background-dim-0 has-background-dim\"><\/span><div class=\"wp-block-cover__inner-container is-layout-flow wp-block-cover-is-layout-flow\">\n<p class=\"has-text-align-center has-large-font-size\"><\/p>\n<\/div><\/div>\n","protected":false},"excerpt":{"rendered":"<p>Witamy na stronie naszej firmy! Je\u015bli szukasz solidnego wykonawcy, kt\u00f3ry \u0142\u0105czy fachowo\u015b\u0107 z rozs\u0105dnymi cenami \u2013 jeste\u015b we w\u0142a\u015bciwym miejscu. Od lat realizujemy projekty, dbaj\u0105c o najwy\u017csz\u0105 jako\u015b\u0107 us\u0142ug i partnerskie podej\u015bcie do ka\u017cdego klienta. Wierzymy, \u017ce sukces opiera si\u0119 na zaufaniu. Dlatego nie tylko wykonujemy zlecenia, ale stajemy si\u0119 partnerem, na kt\u00f3rego zawsze mo\u017cesz &hellip; <\/p>\n<p class=\"link-more\"><a href=\"https:\/\/proxwell.pl\/?page_id=7\" class=\"more-link\">Read more<span class=\"screen-reader-text\"> &#8222;O firmie&#8230;&#8221;<\/span><\/a><\/p>\n","protected":false},"author":1,"featured_media":476,"parent":0,"menu_order":0,"comment_status":"closed","ping_status":"closed","template":"","meta":{"footnotes":""},"class_list":["post-7","page","type-page","status-publish","has-post-thumbnail","hentry"],"_links":{"self":[{"href":"https:\/\/proxwell.pl\/index.php?rest_route=\/wp\/v2\/pages\/7","targetHints":{"allow":["GET"]}}],"collection":[{"href":"https:\/\/proxwell.pl\/index.php?rest_route=\/wp\/v2\/pages"}],"about":[{"href":"https:\/\/proxwell.pl\/index.php?rest_route=\/wp\/v2\/types\/page"}],"author":[{"embeddable":true,"href":"https:\/\/proxwell.pl\/index.php?rest_route=\/wp\/v2\/users\/1"}],"replies":[{"embeddable":true,"href":"https:\/\/proxwell.pl\/index.php?rest_route=%2Fwp%2Fv2%2Fcomments&post=7"}],"version-history":[{"count":21,"href":"https:\/\/proxwell.pl\/index.php?rest_route=\/wp\/v2\/pages\/7\/revisions"}],"predecessor-version":[{"id":449,"href":"https:\/\/proxwell.pl\/index.php?rest_route=\/wp\/v2\/pages\/7\/revisions\/449"}],"wp:featuredmedia":[{"embeddable":true,"href":"https:\/\/proxwell.pl\/index.php?rest_route=\/wp\/v2\/media\/476"}],"wp:attachment":[{"href":"https:\/\/proxwell.pl\/index.php?rest_route=%2Fwp%2Fv2%2Fmedia&parent=7"}],"curies":[{"name":"wp","href":"https:\/\/api.w.org\/{rel}","templated":true}]}}